{"id":127,"date":"2019-11-02T02:32:36","date_gmt":"2019-11-02T02:32:36","guid":{"rendered":"https:\/\/demo.casethemes.net\/consultio-business5\/?page_id=127"},"modified":"2025-10-30T20:30:19","modified_gmt":"2025-10-30T19:30:19","slug":"ressources","status":"publish","type":"page","link":"https:\/\/skillsconsulting.ma\/index.php\/ressources\/","title":{"rendered":"Ressources"},"content":{"rendered":"\t\t<div data-elementor-type=\"wp-page\" data-elementor-id=\"127\" class=\"elementor elementor-127\">\n\t\t\t\t        <section class=\"elementor-section elementor-top-section elementor-element elementor-element-9549dba elementor-section-boxed elementor-section-height-default elementor-section-height-default ct-header-fixed-none ct-row-max-none\" data-id=\"9549dba\" data-element_type=\"section\" data-e-type=\"section\">\n            \n                        <div class=\"elementor-container elementor-column-gap-extended \">\n                    <div class=\"elementor-column elementor-col-100 elementor-top-column elementor-element elementor-element-fba6296\" data-id=\"fba6296\" data-element_type=\"column\" data-e-type=\"column\">\n        <div class=\"elementor-widget-wrap elementor-element-populated\">\n                    \n        \r\n\t\t<div class=\"elementor-element elementor-element-94a4695 elementor-widget elementor-widget-ct_blog_grid\" data-id=\"94a4695\" data-element_type=\"widget\" data-e-type=\"widget\" data-widget_type=\"ct_blog_grid.default\">\n\t\t\t\t<div class=\"elementor-widget-container\">\n\t\t\t\t\t\r\n<div id=\"ct_blog_grid-94a4695\" class=\"ct-grid ct-blog-grid ct-blog-grid-layout5\" data-layout=\"masonry\" data-start-page=\"1\" data-max-pages=\"2\" data-total=\"9\" data-perpage=\"6\" data-next-link=\"https:\/\/skillsconsulting.ma\/index.php\/wp-json\/wp\/v2\/pages\/127\/page\/2\/\">\r\n    <div class=\"ct-grid-overlay\"><\/div>\r\n            <div class=\"grid-filter-wrap align-center\">\r\n            <span class=\"filter-item active\" data-filter=\"*\">Tous<\/span>\r\n                                                                            <span class=\"filter-item\" data-filter=\".filter-category-3\">\r\n                    Audit et S\u00e9curit\u00e9 SI                <\/span>\r\n                                                                            <span class=\"filter-item\" data-filter=\".filter-category-1\">\r\n                    Certification des Syst\u00e8mes de Management                <\/span>\r\n                                                                            <span class=\"filter-item\" data-filter=\".filter-category-2\">\r\n                    Gestion de Projets                <\/span>\r\n                    <\/div>\r\n    \r\n    <div class=\"ct-grid-inner ct-grid-masonry row animate-time\" data-gutter=\"15\">\r\n                    <div class=\"grid-sizer col-xl-12 col-lg-12 col-md-12 col-sm-12 col-12\"><\/div>\r\n                                <div class=\"grid-item col-xl-12 col-lg-12 col-md-12 col-sm-12 col-12 filter-category-1\">\r\n                    <div class=\"grid-item-inner wow fadeInUp\">\r\n                                                    <div class=\"item--featured\">\r\n                                <a class=\"bg-image\" href=\"https:\/\/skillsconsulting.ma\/index.php\/2025\/10\/14\/food-industry-leaders-often-change-their-profound\/\" style=\"background-image: url(https:\/\/skillsconsulting.ma\/wp-content\/uploads\/2025\/04\/ISO-22301-Plan-de-Continuite-d-Activite-Certifie.png);\"><\/a>\r\n                                                            <\/div>\r\n                                                <div class=\"item--body\">\r\n                                                            <div class=\"item--category\">\r\n                                    <a href=\"https:\/\/skillsconsulting.ma\/index.php\/category\/certification\/\" rel=\"tag\">Certification des Syst\u00e8mes de Management<\/a>                                <\/div>\r\n                                                        <h3 class=\"item--title\"><a href=\"https:\/\/skillsconsulting.ma\/index.php\/2025\/10\/14\/food-industry-leaders-often-change-their-profound\/\">ISO 22301 : Pourquoi Votre Entreprise a Besoin d&#8217;un Plan de Continuit\u00e9 d&#8217;Activit\u00e9 Certifi\u00e9<\/a><\/h3>\r\n                                                                                        <div class=\"item--readmore\">\r\n                                    <a class=\"btn btn-effect\" href=\"https:\/\/skillsconsulting.ma\/index.php\/2025\/10\/14\/food-industry-leaders-often-change-their-profound\/\">\r\n                                        <span>\r\n                                            Lire l&#039;article                                        <\/span>\r\n                                        <i class=\"flaticonv2-right-arrow\"><\/i>\r\n                                    <\/a>\r\n                                <\/div>\r\n                                                    <\/div>\r\n                    <\/div>\r\n                <\/div>\r\n                            <div class=\"grid-item col-xl-12 col-lg-12 col-md-12 col-sm-12 col-12 filter-category-3\">\r\n                    <div class=\"grid-item-inner wow fadeInUp\">\r\n                                                    <div class=\"item--featured\">\r\n                                <a class=\"bg-image\" href=\"https:\/\/skillsconsulting.ma\/index.php\/2025\/10\/05\/strategy-for-norways-peion-to-fund-global\/\" style=\"background-image: url(https:\/\/skillsconsulting.ma\/wp-content\/uploads\/2025\/04\/Audit-de-Seecurite-SI-Types-et-Methodologie.png);\"><\/a>\r\n                                                            <\/div>\r\n                                                <div class=\"item--body\">\r\n                                                            <div class=\"item--category\">\r\n                                    <a href=\"https:\/\/skillsconsulting.ma\/index.php\/category\/audit\/\" rel=\"tag\">Audit et S\u00e9curit\u00e9 SI<\/a>                                <\/div>\r\n                                                        <h3 class=\"item--title\"><a href=\"https:\/\/skillsconsulting.ma\/index.php\/2025\/10\/05\/strategy-for-norways-peion-to-fund-global\/\">Audit de S\u00e9curit\u00e9 des Syst\u00e8mes d&#8217;Information : Types, M\u00e9thodologie et Meilleures Pratiques<\/a><\/h3>\r\n                                                                                        <div class=\"item--readmore\">\r\n                                    <a class=\"btn btn-effect\" href=\"https:\/\/skillsconsulting.ma\/index.php\/2025\/10\/05\/strategy-for-norways-peion-to-fund-global\/\">\r\n                                        <span>\r\n                                            Lire l&#039;article                                        <\/span>\r\n                                        <i class=\"flaticonv2-right-arrow\"><\/i>\r\n                                    <\/a>\r\n                                <\/div>\r\n                                                    <\/div>\r\n                    <\/div>\r\n                <\/div>\r\n                            <div class=\"grid-item col-xl-12 col-lg-12 col-md-12 col-sm-12 col-12 filter-category-1\">\r\n                    <div class=\"grid-item-inner wow fadeInUp\">\r\n                                                    <div class=\"item--featured\">\r\n                                <a class=\"bg-image\" href=\"https:\/\/skillsconsulting.ma\/index.php\/2025\/09\/25\/reasons-to-explan-fast-business-builder\/\" style=\"background-image: url(https:\/\/skillsconsulting.ma\/wp-content\/uploads\/2025\/04\/Integration-des-Systemes-de-Management.png);\"><\/a>\r\n                                                            <\/div>\r\n                                                <div class=\"item--body\">\r\n                                                            <div class=\"item--category\">\r\n                                    <a href=\"https:\/\/skillsconsulting.ma\/index.php\/category\/certification\/\" rel=\"tag\">Certification des Syst\u00e8mes de Management<\/a>                                <\/div>\r\n                                                        <h3 class=\"item--title\"><a href=\"https:\/\/skillsconsulting.ma\/index.php\/2025\/09\/25\/reasons-to-explan-fast-business-builder\/\">Int\u00e9gration des Syst\u00e8mes de Management : Comment G\u00e9rer ISO 9001, ISO 27001 et ISO 45001 Efficacement<\/a><\/h3>\r\n                                                                                        <div class=\"item--readmore\">\r\n                                    <a class=\"btn btn-effect\" href=\"https:\/\/skillsconsulting.ma\/index.php\/2025\/09\/25\/reasons-to-explan-fast-business-builder\/\">\r\n                                        <span>\r\n                                            Lire l&#039;article                                        <\/span>\r\n                                        <i class=\"flaticonv2-right-arrow\"><\/i>\r\n                                    <\/a>\r\n                                <\/div>\r\n                                                    <\/div>\r\n                    <\/div>\r\n                <\/div>\r\n                            <div class=\"grid-item col-xl-12 col-lg-12 col-md-12 col-sm-12 col-12 filter-category-2\">\r\n                    <div class=\"grid-item-inner wow fadeInUp\">\r\n                                                    <div class=\"item--featured\">\r\n                                <a class=\"bg-image\" href=\"https:\/\/skillsconsulting.ma\/index.php\/2025\/09\/09\/what-we-are-capable-to-beo-usually-discovered\/\" style=\"background-image: url(https:\/\/skillsconsulting.ma\/wp-content\/uploads\/2025\/04\/Agile-vs-Waterfall.png);\"><\/a>\r\n                                                            <\/div>\r\n                                                <div class=\"item--body\">\r\n                                                            <div class=\"item--category\">\r\n                                    <a href=\"https:\/\/skillsconsulting.ma\/index.php\/category\/gestion\/\" rel=\"tag\">Gestion de Projets<\/a>                                <\/div>\r\n                                                        <h3 class=\"item--title\"><a href=\"https:\/\/skillsconsulting.ma\/index.php\/2025\/09\/09\/what-we-are-capable-to-beo-usually-discovered\/\">Agile vs Waterfall : Quelle M\u00e9thodologie de Gestion de Projet Choisir ?<\/a><\/h3>\r\n                                                                                        <div class=\"item--readmore\">\r\n                                    <a class=\"btn btn-effect\" href=\"https:\/\/skillsconsulting.ma\/index.php\/2025\/09\/09\/what-we-are-capable-to-beo-usually-discovered\/\">\r\n                                        <span>\r\n                                            Lire l&#039;article                                        <\/span>\r\n                                        <i class=\"flaticonv2-right-arrow\"><\/i>\r\n                                    <\/a>\r\n                                <\/div>\r\n                                                    <\/div>\r\n                    <\/div>\r\n                <\/div>\r\n                            <div class=\"grid-item col-xl-12 col-lg-12 col-md-12 col-sm-12 col-12 filter-category-3\">\r\n                    <div class=\"grid-item-inner wow fadeInUp\">\r\n                                                    <div class=\"item--featured\">\r\n                                <a class=\"bg-image\" href=\"https:\/\/skillsconsulting.ma\/index.php\/2025\/07\/28\/how-to-go-about-intiating-an-start-up\/\" style=\"background-image: url(https:\/\/skillsconsulting.ma\/wp-content\/uploads\/2025\/04\/RGPD-Guide-Complet-de-Conformite.png);\"><\/a>\r\n                                                            <\/div>\r\n                                                <div class=\"item--body\">\r\n                                                            <div class=\"item--category\">\r\n                                    <a href=\"https:\/\/skillsconsulting.ma\/index.php\/category\/audit\/\" rel=\"tag\">Audit et S\u00e9curit\u00e9 SI<\/a>                                <\/div>\r\n                                                        <h3 class=\"item--title\"><a href=\"https:\/\/skillsconsulting.ma\/index.php\/2025\/07\/28\/how-to-go-about-intiating-an-start-up\/\">RGPD et Protection des Donn\u00e9es : Le Guide Complet de Conformit\u00e9 pour les Entreprises<\/a><\/h3>\r\n                                                                                        <div class=\"item--readmore\">\r\n                                    <a class=\"btn btn-effect\" href=\"https:\/\/skillsconsulting.ma\/index.php\/2025\/07\/28\/how-to-go-about-intiating-an-start-up\/\">\r\n                                        <span>\r\n                                            Lire l&#039;article                                        <\/span>\r\n                                        <i class=\"flaticonv2-right-arrow\"><\/i>\r\n                                    <\/a>\r\n                                <\/div>\r\n                                                    <\/div>\r\n                    <\/div>\r\n                <\/div>\r\n                            <div class=\"grid-item col-xl-12 col-lg-12 col-md-12 col-sm-12 col-12 filter-category-2\">\r\n                    <div class=\"grid-item-inner wow fadeInUp\">\r\n                                                    <div class=\"item--featured\">\r\n                                <a class=\"bg-image\" href=\"https:\/\/skillsconsulting.ma\/index.php\/2025\/05\/30\/many-types-of-construction-equipment-are-designed\/\" style=\"background-image: url(https:\/\/skillsconsulting.ma\/wp-content\/uploads\/2025\/04\/Gestion-de-Portefeuille-de-Projets-PPM.png);\"><\/a>\r\n                                                            <\/div>\r\n                                                <div class=\"item--body\">\r\n                                                            <div class=\"item--category\">\r\n                                    <a href=\"https:\/\/skillsconsulting.ma\/index.php\/category\/gestion\/\" rel=\"tag\">Gestion de Projets<\/a>                                <\/div>\r\n                                                        <h3 class=\"item--title\"><a href=\"https:\/\/skillsconsulting.ma\/index.php\/2025\/05\/30\/many-types-of-construction-equipment-are-designed\/\">Gestion de Portefeuille de Projets : Maximiser la Valeur Strat\u00e9gique de Vos Investissements<\/a><\/h3>\r\n                                                                                        <div class=\"item--readmore\">\r\n                                    <a class=\"btn btn-effect\" href=\"https:\/\/skillsconsulting.ma\/index.php\/2025\/05\/30\/many-types-of-construction-equipment-are-designed\/\">\r\n                                        <span>\r\n                                            Lire l&#039;article                                        <\/span>\r\n                                        <i class=\"flaticonv2-right-arrow\"><\/i>\r\n                                    <\/a>\r\n                                <\/div>\r\n                                                    <\/div>\r\n                    <\/div>\r\n                <\/div>\r\n                <\/div>\r\n            <div class=\"ct-grid-pagination\" data-loadmore=\"{&quot;startPage&quot;:1,&quot;maxPages&quot;:2,&quot;total&quot;:9,&quot;perpage&quot;:&quot;6&quot;,&quot;nextLink&quot;:&quot;https:\\\/\\\/skillsconsulting.ma\\\/index.php\\\/wp-json\\\/wp\\\/v2\\\/pages\\\/127\\\/page\\\/2\\\/&quot;,&quot;source&quot;:&quot;&quot;,&quot;orderby&quot;:&quot;date&quot;,&quot;order&quot;:&quot;desc&quot;,&quot;limit&quot;:&quot;6&quot;,&quot;post_ids&quot;:&quot;&quot;,&quot;col_xl&quot;:12,&quot;col_lg&quot;:12,&quot;col_md&quot;:12,&quot;col_sm&quot;:12,&quot;col_xs&quot;:12,&quot;thumbnail_size&quot;:&quot;custom&quot;,&quot;thumbnail_custom_dimension&quot;:{&quot;width&quot;:&quot;&quot;,&quot;height&quot;:&quot;&quot;},&quot;pagination_type&quot;:&quot;pagination&quot;,&quot;show_category&quot;:&quot;true&quot;,&quot;show_excerpt&quot;:&quot;&quot;,&quot;num_words&quot;:25,&quot;show_date&quot;:&quot;&quot;,&quot;show_button&quot;:&quot;true&quot;,&quot;button_text&quot;:&quot;Lire l&#039;article&quot;,&quot;ct_animate&quot;:&quot;wow fadeInUp&quot;,&quot;template_type&quot;:&quot;post_grid_layout5&quot;,&quot;tax&quot;:[&quot;category&quot;,&quot;category&quot;,&quot;category&quot;,&quot;category&quot;]}\" data-query=\"{&quot;post_type&quot;:&quot;post&quot;,&quot;post_status&quot;:&quot;publish&quot;,&quot;posts_per_page&quot;:6,&quot;order&quot;:&quot;desc&quot;,&quot;orderby&quot;:&quot;date&quot;,&quot;tax_query&quot;:{&quot;relation&quot;:&quot;OR&quot;},&quot;post__not_in&quot;:[127]}\">\r\n                <nav class=\"navigation posts-pagination ajax\">\r\n        <div class=\"posts-page-links\">\r\n            <span aria-label=\"Page 1\" aria-current=\"page\" class=\"page-numbers current\">1<\/span>\n<a aria-label=\"Page 2\" class=\"page-numbers\" href=\"#2\">2<\/a>\n<a class=\"next page-numbers\" href=\"#2\"><i class=\"far fac-angle-right\"><\/i><\/a>        <\/div>\r\n    <\/nav>\r\n            <\/div>\r\n        <\/div>\t\t\t\t<\/div>\n\t\t\t\t<\/div>\n\t\t            <\/div>\n        <\/div>\n                    <\/div>\n        <\/section>\n        \t\t<\/div>\n\t\t","protected":false},"excerpt":{"rendered":"<p>Tous Audit et S\u00e9curit\u00e9 SI Certification des Syst\u00e8mes de Management Gestion de Projets Certification des Syst\u00e8mes de Management ISO 22301 : Pourquoi Votre Entreprise a Besoin d&#8217;un Plan de Continuit\u00e9 d&#8217;Activit\u00e9 Certifi\u00e9 Lire l&#039;article Audit et S\u00e9curit\u00e9 SI Audit de S\u00e9curit\u00e9 des Syst\u00e8mes d&#8217;Information : Types, M\u00e9thodologie et Meilleures Pratiques Lire l&#039;article Certification des Syst\u00e8mes [&hellip;]<\/p>\n","protected":false},"author":1,"featured_media":0,"parent":0,"menu_order":0,"comment_status":"closed","ping_status":"closed","template":"","meta":{"footnotes":""},"class_list":["post-127","page","type-page","status-publish","hentry"],"yoast_head":"<!-- This site is optimized with the Yoast SEO plugin v27.2 - https:\/\/yoast.com\/product\/yoast-seo-wordpress\/ -->\n<title>Ressources - Skills Campus - Audit &amp; Consulting<\/title>\n<meta name=\"robots\" content=\"noindex, follow, max-snippet:-1, max-image-preview:large, max-video-preview:-1\" \/>\n<meta property=\"og:locale\" content=\"en_US\" \/>\n<meta property=\"og:type\" content=\"article\" \/>\n<meta property=\"og:title\" content=\"Ressources - Skills Campus - Audit &amp; Consulting\" \/>\n<meta property=\"og:description\" content=\"Tous Audit et S\u00e9curit\u00e9 SI Certification des Syst\u00e8mes de Management Gestion de Projets Certification des Syst\u00e8mes de Management ISO 22301 : Pourquoi Votre Entreprise a Besoin d&#8217;un Plan de Continuit\u00e9 d&#8217;Activit\u00e9 Certifi\u00e9 Lire l&#039;article Audit et S\u00e9curit\u00e9 SI Audit de S\u00e9curit\u00e9 des Syst\u00e8mes d&#8217;Information : Types, M\u00e9thodologie et Meilleures Pratiques Lire l&#039;article Certification des Syst\u00e8mes [&hellip;]\" \/>\n<meta property=\"og:url\" content=\"https:\/\/skillsconsulting.ma\/index.php\/ressources\/\" \/>\n<meta property=\"og:site_name\" content=\"Skills Campus - Audit &amp; Consulting\" \/>\n<meta property=\"article:modified_time\" content=\"2025-10-30T19:30:19+00:00\" \/>\n<meta name=\"twitter:card\" content=\"summary_large_image\" \/>\n<meta name=\"twitter:label1\" content=\"Est. reading time\" \/>\n\t<meta name=\"twitter:data1\" content=\"1 minute\" \/>\n<script type=\"application\/ld+json\" class=\"yoast-schema-graph\">{\"@context\":\"https:\/\/schema.org\",\"@graph\":[{\"@type\":\"WebPage\",\"@id\":\"https:\/\/skillsconsulting.ma\/index.php\/ressources\/\",\"url\":\"https:\/\/skillsconsulting.ma\/index.php\/ressources\/\",\"name\":\"Ressources - Skills Campus - Audit &amp; Consulting\",\"isPartOf\":{\"@id\":\"https:\/\/skillsconsulting.ma\/#website\"},\"datePublished\":\"2019-11-02T02:32:36+00:00\",\"dateModified\":\"2025-10-30T19:30:19+00:00\",\"breadcrumb\":{\"@id\":\"https:\/\/skillsconsulting.ma\/index.php\/ressources\/#breadcrumb\"},\"inLanguage\":\"en-US\",\"potentialAction\":[{\"@type\":\"ReadAction\",\"target\":[\"https:\/\/skillsconsulting.ma\/index.php\/ressources\/\"]}]},{\"@type\":\"BreadcrumbList\",\"@id\":\"https:\/\/skillsconsulting.ma\/index.php\/ressources\/#breadcrumb\",\"itemListElement\":[{\"@type\":\"ListItem\",\"position\":1,\"name\":\"Home\",\"item\":\"https:\/\/skillsconsulting.ma\/\"},{\"@type\":\"ListItem\",\"position\":2,\"name\":\"Ressources\"}]},{\"@type\":\"WebSite\",\"@id\":\"https:\/\/skillsconsulting.ma\/#website\",\"url\":\"https:\/\/skillsconsulting.ma\/\",\"name\":\"Skills Campus - Audit &amp; Consulting\",\"description\":\"\",\"potentialAction\":[{\"@type\":\"SearchAction\",\"target\":{\"@type\":\"EntryPoint\",\"urlTemplate\":\"https:\/\/skillsconsulting.ma\/?s={search_term_string}\"},\"query-input\":{\"@type\":\"PropertyValueSpecification\",\"valueRequired\":true,\"valueName\":\"search_term_string\"}}],\"inLanguage\":\"en-US\"}]}<\/script>\n<!-- \/ Yoast SEO plugin. -->","yoast_head_json":{"title":"Ressources - Skills Campus - Audit &amp; Consulting","robots":{"index":"noindex","follow":"follow","max-snippet":"max-snippet:-1","max-image-preview":"max-image-preview:large","max-video-preview":"max-video-preview:-1"},"og_locale":"en_US","og_type":"article","og_title":"Ressources - Skills Campus - Audit &amp; Consulting","og_description":"Tous Audit et S\u00e9curit\u00e9 SI Certification des Syst\u00e8mes de Management Gestion de Projets Certification des Syst\u00e8mes de Management ISO 22301 : Pourquoi Votre Entreprise a Besoin d&#8217;un Plan de Continuit\u00e9 d&#8217;Activit\u00e9 Certifi\u00e9 Lire l&#039;article Audit et S\u00e9curit\u00e9 SI Audit de S\u00e9curit\u00e9 des Syst\u00e8mes d&#8217;Information : Types, M\u00e9thodologie et Meilleures Pratiques Lire l&#039;article Certification des Syst\u00e8mes [&hellip;]","og_url":"https:\/\/skillsconsulting.ma\/index.php\/ressources\/","og_site_name":"Skills Campus - Audit &amp; Consulting","article_modified_time":"2025-10-30T19:30:19+00:00","twitter_card":"summary_large_image","twitter_misc":{"Est. reading time":"1 minute"},"schema":{"@context":"https:\/\/schema.org","@graph":[{"@type":"WebPage","@id":"https:\/\/skillsconsulting.ma\/index.php\/ressources\/","url":"https:\/\/skillsconsulting.ma\/index.php\/ressources\/","name":"Ressources - Skills Campus - Audit &amp; Consulting","isPartOf":{"@id":"https:\/\/skillsconsulting.ma\/#website"},"datePublished":"2019-11-02T02:32:36+00:00","dateModified":"2025-10-30T19:30:19+00:00","breadcrumb":{"@id":"https:\/\/skillsconsulting.ma\/index.php\/ressources\/#breadcrumb"},"inLanguage":"en-US","potentialAction":[{"@type":"ReadAction","target":["https:\/\/skillsconsulting.ma\/index.php\/ressources\/"]}]},{"@type":"BreadcrumbList","@id":"https:\/\/skillsconsulting.ma\/index.php\/ressources\/#breadcrumb","itemListElement":[{"@type":"ListItem","position":1,"name":"Home","item":"https:\/\/skillsconsulting.ma\/"},{"@type":"ListItem","position":2,"name":"Ressources"}]},{"@type":"WebSite","@id":"https:\/\/skillsconsulting.ma\/#website","url":"https:\/\/skillsconsulting.ma\/","name":"Skills Campus - Audit &amp; Consulting","description":"","potentialAction":[{"@type":"SearchAction","target":{"@type":"EntryPoint","urlTemplate":"https:\/\/skillsconsulting.ma\/?s={search_term_string}"},"query-input":{"@type":"PropertyValueSpecification","valueRequired":true,"valueName":"search_term_string"}}],"inLanguage":"en-US"}]}},"_links":{"self":[{"href":"https:\/\/skillsconsulting.ma\/index.php\/wp-json\/wp\/v2\/pages\/127","targetHints":{"allow":["GET"]}}],"collection":[{"href":"https:\/\/skillsconsulting.ma\/index.php\/wp-json\/wp\/v2\/pages"}],"about":[{"href":"https:\/\/skillsconsulting.ma\/index.php\/wp-json\/wp\/v2\/types\/page"}],"author":[{"embeddable":true,"href":"https:\/\/skillsconsulting.ma\/index.php\/wp-json\/wp\/v2\/users\/1"}],"replies":[{"embeddable":true,"href":"https:\/\/skillsconsulting.ma\/index.php\/wp-json\/wp\/v2\/comments?post=127"}],"version-history":[{"count":7,"href":"https:\/\/skillsconsulting.ma\/index.php\/wp-json\/wp\/v2\/pages\/127\/revisions"}],"predecessor-version":[{"id":10481,"href":"https:\/\/skillsconsulting.ma\/index.php\/wp-json\/wp\/v2\/pages\/127\/revisions\/10481"}],"wp:attachment":[{"href":"https:\/\/skillsconsulting.ma\/index.php\/wp-json\/wp\/v2\/media?parent=127"}],"curies":[{"name":"wp","href":"https:\/\/api.w.org\/{rel}","templated":true}]}}